{"id":74604,"date":"2023-11-23T13:35:52","date_gmt":"2023-11-23T11:35:52","guid":{"rendered":"https:\/\/totallywellness.rs\/?page_id=74604"},"modified":"2023-11-23T13:35:52","modified_gmt":"2023-11-23T11:35:52","slug":"uslovi-koriscenja","status":"publish","type":"page","link":"https:\/\/totallywellness.rs\/en\/uslovi-koriscenja\/","title":{"rendered":"Uslovi kori\u0161\u0107enja"},"content":{"rendered":"\n<h1 class=\"wp-block-heading\">Uslovi kori\u0161\u0107enja<\/h1>\n\n\n\n<div style=\"height:20px\" aria-hidden=\"true\" class=\"wp-block-spacer\"><\/div>\n\n\n\n<p>Ovi Uslovi kori\u0161\u0107enja prodaje va\u017ee za prodaju proizvoda iz prodajnog asortimana TATJANA POPOVI\u0106 PR AGENCIJA ZA KONSALTING TOTALLY WELLNESS BEOGRAD, sa sedi\u0161tem u ul. Dobanova\u010dki put 29, Beograd 11080 (U daljem tekstu: Trgovac) putem internet stranice <a href=\"http:\/\/www.totallywellness.rs\">www.totallywellness.rs<\/a> <\/p>\n\n\n\n<p>Korisnici internet stranice mogu biti samo punoletna lica.<\/p>\n\n\n\n<div style=\"height:20px\" aria-hidden=\"true\" class=\"wp-block-spacer\"><\/div>\n\n\n\n<h2 class=\"wp-block-heading\">Osnovni podaci o firmi<\/h2>\n\n\n\n<div style=\"height:20px\" aria-hidden=\"true\" class=\"wp-block-spacer\"><\/div>\n\n\n\n<p>Poslovno ime: TATJANA POPOVI\u0106 PR AGENCIJA ZA KONSALTING TOTALLY WELLNESS BEOGRAD<br>Adresa: Dobanova\u010dki put 29, Beograd 11080<\/p>\n\n\n\n<p>Delatnost: Konsultantske aktivnosti u vezi s poslovanjem i ostalim upravljanjem<br>\u0160ifra delatnosti: 7022<br>Mati\u010dni broj: 64208144<br>Poreski broj (PIB): 109490730<br>Web adresa: <a href=\"https:\/\/totallywellness.rs\/\" style=\"color:#89A886;\">www.totallywellness.rs<\/a><br>Kontakt e-mail: info@totallywellness.rs<\/p>\n\n\n\n<div style=\"height:20px\" aria-hidden=\"true\" class=\"wp-block-spacer\"><\/div>\n\n\n\n<h2 class=\"wp-block-heading\">Postupak kupovine<\/h2>\n\n\n\n<div style=\"height:20px\" aria-hidden=\"true\" class=\"wp-block-spacer\"><\/div>\n\n\n\n<p>Kupovina proizvoda koji se prodaju putem sajta <a href=\"https:\/\/totallywellness.rs\/\" style=\"color:#89A886;\">www.totallywellness.rs<\/a> se mo\u017ee izvr\u0161iti od strane posetilaca sajta.<\/p>\n\n\n\n<p>Poru\u010divanjem proizvoda kupac prihvata ove Uslove kori\u0161\u0107enja i prodaje.<\/p>\n\n\n\n<p>Smatra\u0107e se da je potvrdom poru\u010divanja od strane Trgovca zaklju\u010den ugovor iz Trgovca i kupca.<\/p>\n\n\n\n<div style=\"height:20px\" aria-hidden=\"true\" class=\"wp-block-spacer\"><\/div>\n\n\n\n<h2 class=\"wp-block-heading\">Kupovina<\/h2>\n\n\n\n<div style=\"height:20px\" aria-hidden=\"true\" class=\"wp-block-spacer\"><\/div>\n\n\n\n<p>Kupovina mo\u017ee biti izvr\u0161ena od strane posetilaca sajta unosom tra\u017eenih podataka- ime, prezime, adresa, kontakt telefon, kontakt e-mail.<\/p>\n\n\n\n<p>Prilikom uno\u0161enja podataka o platnoj kartici, poverljive informacije se prenose putem javne mre\u017ee u za\u0161ti\u0107enoj (kriptovanoj) formi upotrebom SSL protokola i PKI sistema, kao trenutno najsavremenije kriptografske tehnologije. Sigurnost podataka prilikom kupovine garantuje procesor platnih kartica ChipCard a.d. Beograd, pa se tako kompletan proces naplate obavlja na stranicama ChipCard-a. Niti jednog trenutka podaci o platnoj kartici nisu dostupni na\u0161em sistemu.<\/p>\n\n\n\n<div style=\"height:20px\" aria-hidden=\"true\" class=\"wp-block-spacer\"><\/div>\n\n\n\n<h2 class=\"wp-block-heading\">Izjava o konverziji<\/h2>\n\n\n\n<div style=\"height:20px\" aria-hidden=\"true\" class=\"wp-block-spacer\"><\/div>\n\n\n\n<p>Sva pla\u0107anja bi\u0107e izvr\u0161ena u lokalnoj valuti Republike Srbije \u2013 dinar (RSD). Iznos za koji \u0107e biti zadu\u017eena Va\u0161a platna kartica bi\u0107e izra\u017een u Va\u0161oj lokalnoj valuti kroz konverziju u istu po kursu koji koriste karti\u010darske organizacije, a koji nama u trenutku transakcije ne mo\u017ee biti poznat. Kao rezultat ove konverzije postoji mogu\u0107nost neznatne razlike od originalne cene navedene na na\u0161em sajtu. Hvala Vam na razumevanju.<\/p>\n\n\n\n<div style=\"height:20px\" aria-hidden=\"true\" class=\"wp-block-spacer\"><\/div>\n\n\n\n<h2 class=\"wp-block-heading\">Na\u010dini pla\u0107anja<\/h2>\n\n\n\n<div style=\"height:20px\" aria-hidden=\"true\" class=\"wp-block-spacer\"><\/div>\n\n\n\n<p>Pla\u0107anje porud\u017ebine izvr\u0161ene putem sajta <a href=\"https:\/\/totallywellness.rs\/\" style=\"color:#89A886;\">www.totallywellness.rs<\/a> je mogu\u0107e izvr\u0161iti platnim karticama.<\/p>\n\n\n\n<p>Ra\u010dun \u0107e kupcu biti dostavljen uz porud\u017ebinu i na e-mail.<\/p>\n\n\n\n<div style=\"height:20px\" aria-hidden=\"true\" class=\"wp-block-spacer\"><\/div>\n\n\n\n<h2 class=\"wp-block-heading\">Cene<\/h2>\n\n\n\n<div style=\"height:20px\" aria-hidden=\"true\" class=\"wp-block-spacer\"><\/div>\n\n\n\n<p>Sve cene koje su izkazane na sajtu <a href=\"https:\/\/totallywellness.rs\/\" style=\"color:#89A886;\">www.totallywellness.rs<\/a> su izra\u017eene u dinarima i u njih je ura\u010dunat PDV.<\/p>\n\n\n\n<p>Za sve porud\u017ebine uzimaju se va\u017ee\u0107e cene u trenutku potvrde pla\u0107anja.<\/p>\n\n\n\n<p>Trgovac zadr\u017eava pravo da trenutne cene mo\u017ee promeniti u svakom trenutku.<\/p>\n\n\n\n<p>Kupovina robe uz posebne cenovne pogodnosti i\/ili uz posebne prodajne podsticaje obavlja u skladu sa Uslovima koji su objavljeni na sajtu.<\/p>\n\n\n\n<div style=\"height:20px\" aria-hidden=\"true\" class=\"wp-block-spacer\"><\/div>\n\n\n\n<h2 class=\"wp-block-heading\">Intelektualna svojina<\/h2>\n\n\n\n<div style=\"height:20px\" aria-hidden=\"true\" class=\"wp-block-spacer\"><\/div>\n\n\n\n<p>Sav sadr\u017eaj (tekstovi, slike i drugi materijali) koji se nalazi na <a href=\"https:\/\/totallywellness.rs\/\" style=\"color:#89A886;\">www.totallywellness.rs<\/a> predstavlja intelektualnu svojinu Trgovca ili tre\u0107ih lica od kojih je Trgovac dobio saglasnost za njegovo kori\u0161\u0107enje. Zabranjena je svaka upotreba sadr\u017eaja sajta <a href=\"https:\/\/totallywellness.rs\/\" style=\"color:#89A886;\">www.totallywellness.rs<\/a> u komercijalne ili u druge svrhe bez izri\u010dite saglasnosti Trgovca.<\/p>\n\n\n\n<div style=\"height:20px\" aria-hidden=\"true\" class=\"wp-block-spacer\"><\/div>\n\n\n\n<h2 class=\"wp-block-heading\">Zavr\u0161ne odredbe<\/h2>\n\n\n\n<div style=\"height:20px\" aria-hidden=\"true\" class=\"wp-block-spacer\"><\/div>\n\n\n\n<p>Na sva pitanja u vezi sa poru\u010divanjem robe putem sajta <a href=\"https:\/\/totallywellness.rs\/\" style=\"color:#89A886;\">www.totallywellness.rs<\/a> koja nisu uredjena ovim Uslovima kori\u0161\u0107enja i prodaje primenjiva\u0107e se odredbe va\u017ee\u0107eg zakona u Republici Srbiji. Ugovorne strane \u0107e nastojati da sva eventualna sporna pitanja re\u0161e mirnim putem, a ukoliko to ne bude mogu\u0107e, takav spor \u0107e re\u0161iti pred stvarnim nadle\u017enim sudom u Beogradu. Trgovac zadr\u017eava pravo da ove Uslove kori\u0161\u0107enja i prodaje menja bez prethodne najave, uz objavu na <a href=\"https:\/\/totallywellness.rs\/\" style=\"color:#89A886;\">www.totallywellness.rs<\/a><\/p>\n\n\n\n<div style=\"height:20px\" aria-hidden=\"true\" class=\"wp-block-spacer\"><\/div>\n\n\n\n<h2 class=\"wp-block-heading\">Politika reklamacija<\/h2>\n\n\n\n<div style=\"height:20px\" aria-hidden=\"true\" class=\"wp-block-spacer\"><\/div>\n\n\n\n<p>Obave\u0161tavamo po\u0161tovane kupce da reklamacije na robu kupljenu putem na\u0161eg sajta mogu izjaviti elektronskim putem na <a href=\"mailto:info@totallywellness.rs\" style=\"color:#89A886;\">info@totallywellness.rs<\/a>.<\/p>\n\n\n\n<p>Reklamacije mo\u017eemo uva\u017eiti u slede\u0107im slu\u010dajevima:<\/p>\n\n\n\n<ol class=\"wp-block-list\">\n<li>Ukoliko ste ustanovili da isporu\u010dena roba ne odgovara naru\u010denoj ili podaci na ra\u010dunu nisu odgovaraju\u0107i;<\/li>\n\n\n\n<li>U slu\u010daju pogre\u0161no obra\u010dunate cene.<\/li>\n<\/ol>\n\n\n\n<p>Kupac ima pravo prigovora na kupljenu robu u roku od 30 dana od dana kupovine. Istekom navedenog roka kupac gubi pravo na podno\u0161enje prigovora.<\/p>\n\n\n\n<p>Kupac nema pravo na reklamaciju ukoliko je nedostatak na kupljenom proizvodu nastao njegovom krivicom ili krivicom drugih ili ukoliko je promenio odluku o izboru artikla.<\/p>\n\n\n\n<p>Osnovanost zahteva za reklamaciju utvr\u0111uje ovla\u0161\u0107eni radnik, i obave\u0161tava Kupca u roku od 8 dana od dana prijema iste.<\/p>\n\n\n\n<p>Napominjemo da reklamacije koje se ti\u010du kupljenih knjiga (u \u0161tampanom i elektronskom formatu), nakon \u0161to smo iste poslali, ne\u0107emo biti u mogu\u0107nosti da uva\u017eimo.<\/p>\n\n\n\n<p>Hvala na razumevanju.<\/p>\n\n\n\n<div style=\"height:20px\" aria-hidden=\"true\" class=\"wp-block-spacer\"><\/div>\n\n\n\n<h2 class=\"wp-block-heading\">Za\u0161tita privatnosti korisnika<\/h2>\n\n\n\n<div style=\"height:20px\" aria-hidden=\"true\" class=\"wp-block-spacer\"><\/div>\n\n\n\n<p>U ime Totally Wellness obavezujemo se da \u0107emo \u010duvati privatnost svih na\u0161ih kupaca. Prikupljamo samo neophodne, osnovne podatke o kupcima\/korisnicima i podatke neophodne za poslovanje, informisanje korisnika u skladu sa dobrim poslovnim obi\u010dajima i u cilju pru\u017eanja kvalitetne usluge. Dajemo kupcima mogu\u0107nost izbora uklju\u010duju\u0107i mogu\u0107nost odluke da li \u017eele ili ne da se izbri\u0161u sa mailing lista koje se koriste za marketin\u0161ke kampanje. Svi podaci o korisnicima\/kupcima se strogo \u010duvaju i dostupni su samo zaposlenima kojima su ti podaci nu\u017eni za obavljanje posla. Svi zaposleni u Totally Wellness odgovorni su za po\u0161tovanje na\u010dela za\u0161tite privatnosti.<\/p>\n\n\n\n<div style=\"height:20px\" aria-hidden=\"true\" class=\"wp-block-spacer\"><\/div>\n\n\n\n<h2 class=\"wp-block-heading\">Za\u0161tita poverljivih podataka o transakciji<\/h2>\n\n\n\n<div style=\"height:20px\" aria-hidden=\"true\" class=\"wp-block-spacer\"><\/div>\n\n\n\n<p>Prilikom uno\u0161enja podataka o platnoj kartici, poverljive informacije se prenose putem javne mre\u017ee u za\u0161ti\u0107enoj (kriptovanoj) formi upotrebnom SSL protokola i PKI sistema, kao trenutno najsavremenije kriptografske tehnologije. Sigurnost podataka prilikom kupovine garantuje procesor platnih kartica ChipCard a.d. Beograd, pa se tako kompletan proces naplate obavlja na stranicama ChipCard-a. Niti jednog trenutka podaci o platnoj kartici nisu dostupni na\u0161em sistemu.<\/p>\n\n\n\n<div style=\"height:20px\" aria-hidden=\"true\" class=\"wp-block-spacer\"><\/div>\n\n\n\n<h2 class=\"wp-block-heading\">Povra\u0107aj sredstava<\/h2>\n\n\n\n<div style=\"height:20px\" aria-hidden=\"true\" class=\"wp-block-spacer\"><\/div>\n\n\n\n<p>U slu\u010daju vra\u0107anja robe i povra\u0107aja sredstava kupcu koji je prethodno platio nekom od platnih kartica, delimi\u010dno ili u celosti, a bez obzira na razlog vra\u0107anja, Totally Wellness je u obavezi da povra\u0107aj vr\u0161i isklju\u010divo preko VISA, EC\/MC i Maestro metoda pla\u0107anja.<\/p>\n<div style='text-align:center' class='yasr-auto-insert-visitor'><\/div>","protected":false},"excerpt":{"rendered":"<p>Uslovi kori\u0161\u0107enja Ovi Uslovi kori\u0161\u0107enja prodaje va\u017ee za prodaju proizvoda iz prodajnog asortimana TATJANA POPOVI\u0106 PR AGENCIJA ZA KONSALTING TOTALLY WELLNESS BEOGRAD, sa sedi\u0161tem u ul. Dobanova\u010dki put 29, Beograd 11080 (U daljem tekstu: Trgovac) putem internet stranice www.totallywellness.rs Korisnici internet stranice mogu biti samo punoletna lica. Osnovni podaci o firmi Poslovno ime: TATJANA POPOVI\u0106 [&hellip;]<\/p>\n","protected":false},"author":23,"featured_media":0,"parent":0,"menu_order":0,"comment_status":"closed","ping_status":"closed","template":"page-template-legal.php","meta":{"_acf_changed":false,"_eb_attr":"","inline_featured_image":false,"yasr_overall_rating":0,"yasr_post_is_review":"","yasr_auto_insert_disabled":"","yasr_review_type":"","footnotes":""},"class_list":["post-74604","page","type-page","status-publish","hentry"],"acf":[],"yoast_head":"<!-- This site is optimized with the Yoast SEO plugin v27.4 - https:\/\/yoast.com\/product\/yoast-seo-wordpress\/ -->\n<title>Uslovi kori\u0161\u0107enja - Tatjana Popovic | Certified Health Coach<\/title>\n<meta name=\"robots\" content=\"index, follow, max-snippet:-1, max-image-preview:large, max-video-preview:-1\" \/>\n<link rel=\"canonical\" href=\"https:\/\/totallywellness.rs\/en\/uslovi-koriscenja\/\" \/>\n<meta property=\"og:locale\" content=\"en_US\" \/>\n<meta property=\"og:type\" content=\"article\" \/>\n<meta property=\"og:title\" content=\"Uslovi kori\u0161\u0107enja - Tatjana Popovic | Certified Health Coach\" \/>\n<meta property=\"og:description\" content=\"Uslovi kori\u0161\u0107enja Ovi Uslovi kori\u0161\u0107enja prodaje va\u017ee za prodaju proizvoda iz prodajnog asortimana TATJANA POPOVI\u0106 PR AGENCIJA ZA KONSALTING TOTALLY WELLNESS BEOGRAD, sa sedi\u0161tem u ul. Dobanova\u010dki put 29, Beograd 11080 (U daljem tekstu: Trgovac) putem internet stranice www.totallywellness.rs Korisnici internet stranice mogu biti samo punoletna lica. Osnovni podaci o firmi Poslovno ime: TATJANA POPOVI\u0106 [&hellip;]\" \/>\n<meta property=\"og:url\" content=\"https:\/\/totallywellness.rs\/en\/uslovi-koriscenja\/\" \/>\n<meta property=\"og:site_name\" content=\"Tatjana Popovic | Certified Health Coach\" \/>\n<meta property=\"article:publisher\" content=\"https:\/\/www.facebook.com\/tatjanahealthcoach\/\" \/>\n<meta name=\"twitter:card\" content=\"summary_large_image\" \/>\n<meta name=\"twitter:label1\" content=\"Est. reading time\" \/>\n\t<meta name=\"twitter:data1\" content=\"5 minutes\" \/>\n<script type=\"application\/ld+json\" class=\"yoast-schema-graph\">{\"@context\":\"https:\\\/\\\/schema.org\",\"@graph\":[{\"@type\":\"WebPage\",\"@id\":\"https:\\\/\\\/totallywellness.rs\\\/en\\\/uslovi-koriscenja\\\/\",\"url\":\"https:\\\/\\\/totallywellness.rs\\\/en\\\/uslovi-koriscenja\\\/\",\"name\":\"Uslovi kori\u0161\u0107enja - Tatjana Popovic | Certified Health Coach\",\"isPartOf\":{\"@id\":\"https:\\\/\\\/totallywellness.rs\\\/en\\\/#website\"},\"datePublished\":\"2023-11-23T11:35:52+00:00\",\"breadcrumb\":{\"@id\":\"https:\\\/\\\/totallywellness.rs\\\/en\\\/uslovi-koriscenja\\\/#breadcrumb\"},\"inLanguage\":\"en-US\",\"potentialAction\":[{\"@type\":\"ReadAction\",\"target\":[\"https:\\\/\\\/totallywellness.rs\\\/en\\\/uslovi-koriscenja\\\/\"]}]},{\"@type\":\"BreadcrumbList\",\"@id\":\"https:\\\/\\\/totallywellness.rs\\\/en\\\/uslovi-koriscenja\\\/#breadcrumb\",\"itemListElement\":[{\"@type\":\"ListItem\",\"position\":1,\"name\":\"Home\",\"item\":\"https:\\\/\\\/totallywellness.rs\\\/en\\\/\"},{\"@type\":\"ListItem\",\"position\":2,\"name\":\"Uslovi kori\u0161\u0107enja\"}]},{\"@type\":\"WebSite\",\"@id\":\"https:\\\/\\\/totallywellness.rs\\\/en\\\/#website\",\"url\":\"https:\\\/\\\/totallywellness.rs\\\/en\\\/\",\"name\":\"Tatjana Popovic | Certified Health Coach\",\"description\":\"Totally Wellness\",\"potentialAction\":[{\"@type\":\"SearchAction\",\"target\":{\"@type\":\"EntryPoint\",\"urlTemplate\":\"https:\\\/\\\/totallywellness.rs\\\/en\\\/?s={search_term_string}\"},\"query-input\":{\"@type\":\"PropertyValueSpecification\",\"valueRequired\":true,\"valueName\":\"search_term_string\"}}],\"inLanguage\":\"en-US\"},false]}<\/script>\n<!-- \/ Yoast SEO plugin. -->","yoast_head_json":{"title":"Uslovi kori\u0161\u0107enja - Tatjana Popovic | Certified Health Coach","robots":{"index":"index","follow":"follow","max-snippet":"max-snippet:-1","max-image-preview":"max-image-preview:large","max-video-preview":"max-video-preview:-1"},"canonical":"https:\/\/totallywellness.rs\/en\/uslovi-koriscenja\/","og_locale":"en_US","og_type":"article","og_title":"Uslovi kori\u0161\u0107enja - Tatjana Popovic | Certified Health Coach","og_description":"Uslovi kori\u0161\u0107enja Ovi Uslovi kori\u0161\u0107enja prodaje va\u017ee za prodaju proizvoda iz prodajnog asortimana TATJANA POPOVI\u0106 PR AGENCIJA ZA KONSALTING TOTALLY WELLNESS BEOGRAD, sa sedi\u0161tem u ul. Dobanova\u010dki put 29, Beograd 11080 (U daljem tekstu: Trgovac) putem internet stranice www.totallywellness.rs Korisnici internet stranice mogu biti samo punoletna lica. Osnovni podaci o firmi Poslovno ime: TATJANA POPOVI\u0106 [&hellip;]","og_url":"https:\/\/totallywellness.rs\/en\/uslovi-koriscenja\/","og_site_name":"Tatjana Popovic | Certified Health Coach","article_publisher":"https:\/\/www.facebook.com\/tatjanahealthcoach\/","twitter_card":"summary_large_image","twitter_misc":{"Est. reading time":"5 minutes"},"schema":{"@context":"https:\/\/schema.org","@graph":[{"@type":"WebPage","@id":"https:\/\/totallywellness.rs\/en\/uslovi-koriscenja\/","url":"https:\/\/totallywellness.rs\/en\/uslovi-koriscenja\/","name":"Uslovi kori\u0161\u0107enja - Tatjana Popovic | Certified Health Coach","isPartOf":{"@id":"https:\/\/totallywellness.rs\/en\/#website"},"datePublished":"2023-11-23T11:35:52+00:00","breadcrumb":{"@id":"https:\/\/totallywellness.rs\/en\/uslovi-koriscenja\/#breadcrumb"},"inLanguage":"en-US","potentialAction":[{"@type":"ReadAction","target":["https:\/\/totallywellness.rs\/en\/uslovi-koriscenja\/"]}]},{"@type":"BreadcrumbList","@id":"https:\/\/totallywellness.rs\/en\/uslovi-koriscenja\/#breadcrumb","itemListElement":[{"@type":"ListItem","position":1,"name":"Home","item":"https:\/\/totallywellness.rs\/en\/"},{"@type":"ListItem","position":2,"name":"Uslovi kori\u0161\u0107enja"}]},{"@type":"WebSite","@id":"https:\/\/totallywellness.rs\/en\/#website","url":"https:\/\/totallywellness.rs\/en\/","name":"Tatjana Popovic | Certified Health Coach","description":"Totally Wellness","potentialAction":[{"@type":"SearchAction","target":{"@type":"EntryPoint","urlTemplate":"https:\/\/totallywellness.rs\/en\/?s={search_term_string}"},"query-input":{"@type":"PropertyValueSpecification","valueRequired":true,"valueName":"search_term_string"}}],"inLanguage":"en-US"},false]}},"yasr_visitor_votes":{"stars_attributes":{"read_only":false,"span_bottom":false},"number_of_votes":0,"sum_votes":0},"_links":{"self":[{"href":"https:\/\/totallywellness.rs\/en\/wp-json\/wp\/v2\/pages\/74604","targetHints":{"allow":["GET"]}}],"collection":[{"href":"https:\/\/totallywellness.rs\/en\/wp-json\/wp\/v2\/pages"}],"about":[{"href":"https:\/\/totallywellness.rs\/en\/wp-json\/wp\/v2\/types\/page"}],"author":[{"embeddable":true,"href":"https:\/\/totallywellness.rs\/en\/wp-json\/wp\/v2\/users\/23"}],"replies":[{"embeddable":true,"href":"https:\/\/totallywellness.rs\/en\/wp-json\/wp\/v2\/comments?post=74604"}],"version-history":[{"count":1,"href":"https:\/\/totallywellness.rs\/en\/wp-json\/wp\/v2\/pages\/74604\/revisions"}],"predecessor-version":[{"id":74605,"href":"https:\/\/totallywellness.rs\/en\/wp-json\/wp\/v2\/pages\/74604\/revisions\/74605"}],"wp:attachment":[{"href":"https:\/\/totallywellness.rs\/en\/wp-json\/wp\/v2\/media?parent=74604"}],"curies":[{"name":"wp","href":"https:\/\/api.w.org\/{rel}","templated":true}]}}