{"id":74636,"date":"2023-08-07T22:46:38","date_gmt":"2023-11-23T12:54:28","guid":{"rendered":"https:\/\/totallywellness.rs\/?post_type=product&#038;p=74636"},"modified":"2023-11-24T00:00:05","modified_gmt":"2023-11-23T22:00:05","slug":"detoks-kod-kuce","status":"publish","type":"product","link":"https:\/\/totallywellness.rs\/en\/shop\/e-books\/detoks-kod-kuce\/","title":{"rendered":"Detoks kod ku\u0107e"},"content":{"rendered":"<p>\u201cDetoks kod ku\u0107e\u201d predstavlja program detoksikacije biljnom hranom, koja ubla\u017eava upalne procese u telu, \u010disti krv, ja\u010da digestivni trakt, uskla\u0111uje lipidni status, unapre\u0111uje rad jetre i bubrega, te umiruje nervni sistem.<\/p>\n<p><span style=\"font-weight: 400;\">Tokom programa, koji se mo\u017ee sprovoditi iz dva puta od po 5 dana ili u celosti 10 dana, da\u0107ete svom telu priliku da se regeneri\u0161e, uz isklju\u010divanje apsolutno svih proizvoda koji optere\u0107uju organizam. <\/span><\/p>\n<p>\u201cDetoks kod ku\u0107e\u201d uklju\u010duje:<\/p>\n<ul>\n<li style=\"font-weight: 400;\" aria-level=\"1\"><span style=\"font-weight: 400;\">Jelovnik za 10 dana programa\u00a0<\/span><\/li>\n<li style=\"font-weight: 400;\" aria-level=\"1\"><span style=\"font-weight: 400;\">Listu namirnica za kupovinu<\/span><\/li>\n<li style=\"font-weight: 400;\" aria-level=\"1\"><span style=\"font-weight: 400;\">Brojne savete i preporuke za detoksikaciju<\/span><\/li>\n<li style=\"font-weight: 400;\" aria-level=\"1\"><span style=\"font-weight: 400;\">Alternativne liste namirnica u slu\u010daju intolerancije ili alergije<\/span><\/li>\n<li style=\"font-weight: 400;\" aria-level=\"1\"><span style=\"font-weight: 400;\">Recepte za detoks napitke<br \/>\n<\/span><\/li>\n<\/ul>\n<p>Program je dostupan isklju\u010divo u elektronskom formatu.<\/p>\n<div style='text-align:center' class='yasr-auto-insert-visitor'><\/div>","protected":false},"excerpt":{"rendered":"<p>\u201cDetoks kod ku\u0107e\u201d predstavlja program detoksikacije biljnom hranom, koja ubla\u017eava upalne procese u telu, \u010disti krv, ja\u010da digestivni trakt, uskla\u0111uje lipidni status, unapre\u0111uje rad jetre i bubrega, te umiruje nervni sistem. Tokom programa, koji se mo\u017ee sprovoditi iz dva puta od po 5 dana ili u celosti 10 dana, da\u0107ete svom telu priliku da se [&hellip;]<\/p>\n","protected":false},"featured_media":115623,"template":"","meta":{"_acf_changed":false,"_eb_attr":"","inline_featured_image":false,"yasr_overall_rating":0,"yasr_post_is_review":"","yasr_auto_insert_disabled":"","yasr_review_type":""},"product_brand":[],"product_cat":[],"product_tag":[],"class_list":{"0":"post-74636","1":"product","2":"type-product","3":"status-publish","4":"has-post-thumbnail","7":"first","8":"instock","9":"sale","10":"downloadable","11":"virtual","12":"sold-individually","13":"purchasable","14":"product-type-simple"},"acf":[],"yoast_head":"<!-- This site is optimized with the Yoast SEO plugin v27.4 - https:\/\/yoast.com\/product\/yoast-seo-wordpress\/ -->\n<title>Detoks kod ku\u0107e - Tatjana Popovic | Certified Health Coach<\/title>\n<meta name=\"robots\" content=\"index, follow, max-snippet:-1, max-image-preview:large, max-video-preview:-1\" \/>\n<link rel=\"canonical\" href=\"https:\/\/totallywellness.rs\/en\/shop\/e-books\/detoks-kod-kuce\/\" \/>\n<meta property=\"og:locale\" content=\"en_US\" \/>\n<meta property=\"og:type\" content=\"article\" \/>\n<meta property=\"og:title\" content=\"Detoks kod ku\u0107e - Tatjana Popovic | Certified Health Coach\" \/>\n<meta property=\"og:description\" content=\"\u201cDetoks kod ku\u0107e\u201d predstavlja program detoksikacije biljnom hranom, koja ubla\u017eava upalne procese u telu, \u010disti krv, ja\u010da digestivni trakt, uskla\u0111uje lipidni status, unapre\u0111uje rad jetre i bubrega, te umiruje nervni sistem. Tokom programa, koji se mo\u017ee sprovoditi iz dva puta od po 5 dana ili u celosti 10 dana, da\u0107ete svom telu priliku da se [&hellip;]\" \/>\n<meta property=\"og:url\" content=\"https:\/\/totallywellness.rs\/en\/shop\/e-books\/detoks-kod-kuce\/\" \/>\n<meta property=\"og:site_name\" content=\"Tatjana Popovic | Certified Health Coach\" \/>\n<meta property=\"article:publisher\" content=\"https:\/\/www.facebook.com\/tatjanahealthcoach\/\" \/>\n<meta property=\"article:modified_time\" content=\"2023-11-23T22:00:05+00:00\" \/>\n<meta property=\"og:image\" content=\"https:\/\/totallywellness.rs\/wp-content\/uploads\/2023\/08\/Detoks-kod-kuce.png\" \/>\n\t<meta property=\"og:image:width\" content=\"390\" \/>\n\t<meta property=\"og:image:height\" content=\"260\" \/>\n\t<meta property=\"og:image:type\" content=\"image\/png\" \/>\n<meta name=\"twitter:card\" content=\"summary_large_image\" \/>\n<meta name=\"twitter:label1\" content=\"Est. reading time\" \/>\n\t<meta name=\"twitter:data1\" content=\"1 minute\" \/>\n<script type=\"application\/ld+json\" class=\"yoast-schema-graph\">{\"@context\":\"https:\\\/\\\/schema.org\",\"@graph\":[{\"@type\":\"WebPage\",\"@id\":\"https:\\\/\\\/totallywellness.rs\\\/en\\\/shop\\\/e-books\\\/detoks-kod-kuce\\\/\",\"url\":\"https:\\\/\\\/totallywellness.rs\\\/en\\\/shop\\\/e-books\\\/detoks-kod-kuce\\\/\",\"name\":\"Detoks kod ku\u0107e - Tatjana Popovic | Certified Health Coach\",\"isPartOf\":{\"@id\":\"https:\\\/\\\/totallywellness.rs\\\/en\\\/#website\"},\"primaryImageOfPage\":{\"@id\":\"https:\\\/\\\/totallywellness.rs\\\/en\\\/shop\\\/e-books\\\/detoks-kod-kuce\\\/#primaryimage\"},\"image\":{\"@id\":\"https:\\\/\\\/totallywellness.rs\\\/en\\\/shop\\\/e-books\\\/detoks-kod-kuce\\\/#primaryimage\"},\"thumbnailUrl\":\"https:\\\/\\\/totallywellness.rs\\\/wp-content\\\/uploads\\\/2023\\\/08\\\/Detoks-kod-kuce.png\",\"datePublished\":\"2023-11-23T12:54:28+00:00\",\"dateModified\":\"2023-11-23T22:00:05+00:00\",\"breadcrumb\":{\"@id\":\"https:\\\/\\\/totallywellness.rs\\\/en\\\/shop\\\/e-books\\\/detoks-kod-kuce\\\/#breadcrumb\"},\"inLanguage\":\"en-US\",\"potentialAction\":[{\"@type\":\"ReadAction\",\"target\":[\"https:\\\/\\\/totallywellness.rs\\\/en\\\/shop\\\/e-books\\\/detoks-kod-kuce\\\/\"]}]},{\"@type\":\"ImageObject\",\"inLanguage\":\"en-US\",\"@id\":\"https:\\\/\\\/totallywellness.rs\\\/en\\\/shop\\\/e-books\\\/detoks-kod-kuce\\\/#primaryimage\",\"url\":\"https:\\\/\\\/totallywellness.rs\\\/wp-content\\\/uploads\\\/2023\\\/08\\\/Detoks-kod-kuce.png\",\"contentUrl\":\"https:\\\/\\\/totallywellness.rs\\\/wp-content\\\/uploads\\\/2023\\\/08\\\/Detoks-kod-kuce.png\",\"width\":390,\"height\":260},{\"@type\":\"BreadcrumbList\",\"@id\":\"https:\\\/\\\/totallywellness.rs\\\/en\\\/shop\\\/e-books\\\/detoks-kod-kuce\\\/#breadcrumb\",\"itemListElement\":[{\"@type\":\"ListItem\",\"position\":1,\"name\":\"Home\",\"item\":\"https:\\\/\\\/totallywellness.rs\\\/en\\\/\"},{\"@type\":\"ListItem\",\"position\":2,\"name\":\"Detoks kod ku\u0107e\"}]},{\"@type\":\"WebSite\",\"@id\":\"https:\\\/\\\/totallywellness.rs\\\/en\\\/#website\",\"url\":\"https:\\\/\\\/totallywellness.rs\\\/en\\\/\",\"name\":\"Tatjana Popovic | Certified Health Coach\",\"description\":\"Totally Wellness\",\"potentialAction\":[{\"@type\":\"SearchAction\",\"target\":{\"@type\":\"EntryPoint\",\"urlTemplate\":\"https:\\\/\\\/totallywellness.rs\\\/en\\\/?s={search_term_string}\"},\"query-input\":{\"@type\":\"PropertyValueSpecification\",\"valueRequired\":true,\"valueName\":\"search_term_string\"}}],\"inLanguage\":\"en-US\"},false]}<\/script>\n<!-- \/ Yoast SEO plugin. -->","yoast_head_json":{"title":"Detoks kod ku\u0107e - Tatjana Popovic | Certified Health Coach","robots":{"index":"index","follow":"follow","max-snippet":"max-snippet:-1","max-image-preview":"max-image-preview:large","max-video-preview":"max-video-preview:-1"},"canonical":"https:\/\/totallywellness.rs\/en\/shop\/e-books\/detoks-kod-kuce\/","og_locale":"en_US","og_type":"article","og_title":"Detoks kod ku\u0107e - Tatjana Popovic | Certified Health Coach","og_description":"\u201cDetoks kod ku\u0107e\u201d predstavlja program detoksikacije biljnom hranom, koja ubla\u017eava upalne procese u telu, \u010disti krv, ja\u010da digestivni trakt, uskla\u0111uje lipidni status, unapre\u0111uje rad jetre i bubrega, te umiruje nervni sistem. Tokom programa, koji se mo\u017ee sprovoditi iz dva puta od po 5 dana ili u celosti 10 dana, da\u0107ete svom telu priliku da se [&hellip;]","og_url":"https:\/\/totallywellness.rs\/en\/shop\/e-books\/detoks-kod-kuce\/","og_site_name":"Tatjana Popovic | Certified Health Coach","article_publisher":"https:\/\/www.facebook.com\/tatjanahealthcoach\/","article_modified_time":"2023-11-23T22:00:05+00:00","og_image":[{"width":390,"height":260,"url":"https:\/\/totallywellness.rs\/wp-content\/uploads\/2023\/08\/Detoks-kod-kuce.png","type":"image\/png"}],"twitter_card":"summary_large_image","twitter_misc":{"Est. reading time":"1 minute"},"schema":{"@context":"https:\/\/schema.org","@graph":[{"@type":"WebPage","@id":"https:\/\/totallywellness.rs\/en\/shop\/e-books\/detoks-kod-kuce\/","url":"https:\/\/totallywellness.rs\/en\/shop\/e-books\/detoks-kod-kuce\/","name":"Detoks kod ku\u0107e - Tatjana Popovic | Certified Health Coach","isPartOf":{"@id":"https:\/\/totallywellness.rs\/en\/#website"},"primaryImageOfPage":{"@id":"https:\/\/totallywellness.rs\/en\/shop\/e-books\/detoks-kod-kuce\/#primaryimage"},"image":{"@id":"https:\/\/totallywellness.rs\/en\/shop\/e-books\/detoks-kod-kuce\/#primaryimage"},"thumbnailUrl":"https:\/\/totallywellness.rs\/wp-content\/uploads\/2023\/08\/Detoks-kod-kuce.png","datePublished":"2023-11-23T12:54:28+00:00","dateModified":"2023-11-23T22:00:05+00:00","breadcrumb":{"@id":"https:\/\/totallywellness.rs\/en\/shop\/e-books\/detoks-kod-kuce\/#breadcrumb"},"inLanguage":"en-US","potentialAction":[{"@type":"ReadAction","target":["https:\/\/totallywellness.rs\/en\/shop\/e-books\/detoks-kod-kuce\/"]}]},{"@type":"ImageObject","inLanguage":"en-US","@id":"https:\/\/totallywellness.rs\/en\/shop\/e-books\/detoks-kod-kuce\/#primaryimage","url":"https:\/\/totallywellness.rs\/wp-content\/uploads\/2023\/08\/Detoks-kod-kuce.png","contentUrl":"https:\/\/totallywellness.rs\/wp-content\/uploads\/2023\/08\/Detoks-kod-kuce.png","width":390,"height":260},{"@type":"BreadcrumbList","@id":"https:\/\/totallywellness.rs\/en\/shop\/e-books\/detoks-kod-kuce\/#breadcrumb","itemListElement":[{"@type":"ListItem","position":1,"name":"Home","item":"https:\/\/totallywellness.rs\/en\/"},{"@type":"ListItem","position":2,"name":"Detoks kod ku\u0107e"}]},{"@type":"WebSite","@id":"https:\/\/totallywellness.rs\/en\/#website","url":"https:\/\/totallywellness.rs\/en\/","name":"Tatjana Popovic | Certified Health Coach","description":"Totally Wellness","potentialAction":[{"@type":"SearchAction","target":{"@type":"EntryPoint","urlTemplate":"https:\/\/totallywellness.rs\/en\/?s={search_term_string}"},"query-input":{"@type":"PropertyValueSpecification","valueRequired":true,"valueName":"search_term_string"}}],"inLanguage":"en-US"},false]}},"yasr_visitor_votes":{"stars_attributes":{"read_only":false,"span_bottom":false},"number_of_votes":0,"sum_votes":0},"_links":{"self":[{"href":"https:\/\/totallywellness.rs\/en\/wp-json\/wp\/v2\/product\/74636","targetHints":{"allow":["GET"]}}],"collection":[{"href":"https:\/\/totallywellness.rs\/en\/wp-json\/wp\/v2\/product"}],"about":[{"href":"https:\/\/totallywellness.rs\/en\/wp-json\/wp\/v2\/types\/product"}],"wp:featuredmedia":[{"embeddable":true,"href":"https:\/\/totallywellness.rs\/en\/wp-json\/wp\/v2\/media\/115623"}],"wp:attachment":[{"href":"https:\/\/totallywellness.rs\/en\/wp-json\/wp\/v2\/media?parent=74636"}],"wp:term":[{"taxonomy":"product_brand","embeddable":true,"href":"https:\/\/totallywellness.rs\/en\/wp-json\/wp\/v2\/product_brand?post=74636"},{"taxonomy":"product_cat","embeddable":true,"href":"https:\/\/totallywellness.rs\/en\/wp-json\/wp\/v2\/product_cat?post=74636"},{"taxonomy":"product_tag","embeddable":true,"href":"https:\/\/totallywellness.rs\/en\/wp-json\/wp\/v2\/product_tag?post=74636"}],"curies":[{"name":"wp","href":"https:\/\/api.w.org\/{rel}","templated":true}]}}