{"id":74638,"date":"2023-08-13T15:22:49","date_gmt":"2023-11-23T12:56:31","guid":{"rendered":"https:\/\/totallywellness.rs\/?post_type=product&#038;p=74638"},"modified":"2023-11-23T14:56:34","modified_gmt":"2023-11-23T12:56:34","slug":"kako-se-hraniti-zdravo-tokom-posta","status":"publish","type":"product","link":"https:\/\/totallywellness.rs\/en\/shop\/e-books\/kako-se-hraniti-zdravo-tokom-posta\/","title":{"rendered":"Kako se hraniti zdravo tokom posta"},"content":{"rendered":"<p>Budu\u0107i da sam i sama iskusila brojne blagodeti koje post donosi, odlu\u010dila sam da vam kroz ovaj besplatni priru\u010dnik ,,Kako se hraniti zdravo tokom posta&#8221; pomognem da ishranu prilagodite periodima kada postite. Ovde \u0107ete prona\u0107i informacije o tome kako post uti\u010de na ljudsko zdravlje, koje vrste posta postoje, te \u0161ta je dozvoljeno i preporu\u010dljivo jesti, a \u0161ta ne.<\/p>\n<p>Podelite ovu stranicu sa svojim prijateljima, te neka i oni na zdrav na\u010din sprovode post.<\/p>\n<p>&nbsp;<\/p>\n<div style='text-align:center' class='yasr-auto-insert-visitor'><\/div>","protected":false},"excerpt":{"rendered":"<p>Budu\u0107i da sam i sama iskusila brojne blagodeti koje post donosi, odlu\u010dila sam da vam kroz ovaj besplatni priru\u010dnik ,,Kako se hraniti zdravo tokom posta&#8221; pomognem da ishranu prilagodite periodima kada postite. Ovde \u0107ete prona\u0107i informacije o tome kako post uti\u010de na ljudsko zdravlje, koje vrste posta postoje, te \u0161ta je dozvoljeno i preporu\u010dljivo jesti, [&hellip;]<\/p>\n","protected":false},"featured_media":115635,"template":"","meta":{"_acf_changed":false,"_eb_attr":"","inline_featured_image":false,"yasr_overall_rating":0,"yasr_post_is_review":"","yasr_auto_insert_disabled":"","yasr_review_type":""},"product_brand":[],"product_cat":[],"product_tag":[],"class_list":{"0":"post-74638","1":"product","2":"type-product","3":"status-publish","4":"has-post-thumbnail","7":"first","8":"instock","9":"downloadable","10":"sold-individually","11":"shipping-taxable","12":"purchasable","13":"product-type-simple"},"acf":[],"yoast_head":"<!-- This site is optimized with the Yoast SEO plugin v27.1.1 - https:\/\/yoast.com\/product\/yoast-seo-wordpress\/ -->\n<title>Kako se hraniti zdravo tokom posta - Tatjana Popovic | Certified Health Coach<\/title>\n<meta name=\"robots\" content=\"index, follow, max-snippet:-1, max-image-preview:large, max-video-preview:-1\" \/>\n<link rel=\"canonical\" href=\"https:\/\/totallywellness.rs\/en\/shop\/e-books\/kako-se-hraniti-zdravo-tokom-posta\/\" \/>\n<meta property=\"og:locale\" content=\"en_US\" \/>\n<meta property=\"og:type\" content=\"article\" \/>\n<meta property=\"og:title\" content=\"Kako se hraniti zdravo tokom posta - Tatjana Popovic | Certified Health Coach\" \/>\n<meta property=\"og:description\" content=\"Budu\u0107i da sam i sama iskusila brojne blagodeti koje post donosi, odlu\u010dila sam da vam kroz ovaj besplatni priru\u010dnik ,,Kako se hraniti zdravo tokom posta&#8221; pomognem da ishranu prilagodite periodima kada postite. Ovde \u0107ete prona\u0107i informacije o tome kako post uti\u010de na ljudsko zdravlje, koje vrste posta postoje, te \u0161ta je dozvoljeno i preporu\u010dljivo jesti, [&hellip;]\" \/>\n<meta property=\"og:url\" content=\"https:\/\/totallywellness.rs\/en\/shop\/e-books\/kako-se-hraniti-zdravo-tokom-posta\/\" \/>\n<meta property=\"og:site_name\" content=\"Tatjana Popovic | Certified Health Coach\" \/>\n<meta property=\"article:publisher\" content=\"https:\/\/www.facebook.com\/tatjanahealthcoach\/\" \/>\n<meta property=\"article:modified_time\" content=\"2023-11-23T12:56:34+00:00\" \/>\n<meta property=\"og:image\" content=\"https:\/\/totallywellness.rs\/wp-content\/uploads\/2023\/08\/Kako-se-hraniti-zdravo-tokom-posta.png\" \/>\n\t<meta property=\"og:image:width\" content=\"390\" \/>\n\t<meta property=\"og:image:height\" content=\"260\" \/>\n\t<meta property=\"og:image:type\" content=\"image\/png\" \/>\n<meta name=\"twitter:card\" content=\"summary_large_image\" \/>\n<meta name=\"twitter:label1\" content=\"Est. reading time\" \/>\n\t<meta name=\"twitter:data1\" content=\"1 minute\" \/>\n<script type=\"application\/ld+json\" class=\"yoast-schema-graph\">{\"@context\":\"https:\/\/schema.org\",\"@graph\":[{\"@type\":\"WebPage\",\"@id\":\"https:\/\/totallywellness.rs\/en\/shop\/e-books\/kako-se-hraniti-zdravo-tokom-posta\/\",\"url\":\"https:\/\/totallywellness.rs\/en\/shop\/e-books\/kako-se-hraniti-zdravo-tokom-posta\/\",\"name\":\"Kako se hraniti zdravo tokom posta - Tatjana Popovic | Certified Health Coach\",\"isPartOf\":{\"@id\":\"https:\/\/totallywellness.rs\/en\/#website\"},\"primaryImageOfPage\":{\"@id\":\"https:\/\/totallywellness.rs\/en\/shop\/e-books\/kako-se-hraniti-zdravo-tokom-posta\/#primaryimage\"},\"image\":{\"@id\":\"https:\/\/totallywellness.rs\/en\/shop\/e-books\/kako-se-hraniti-zdravo-tokom-posta\/#primaryimage\"},\"thumbnailUrl\":\"https:\/\/totallywellness.rs\/wp-content\/uploads\/2023\/08\/Kako-se-hraniti-zdravo-tokom-posta.png\",\"datePublished\":\"2023-11-23T12:56:31+00:00\",\"dateModified\":\"2023-11-23T12:56:34+00:00\",\"breadcrumb\":{\"@id\":\"https:\/\/totallywellness.rs\/en\/shop\/e-books\/kako-se-hraniti-zdravo-tokom-posta\/#breadcrumb\"},\"inLanguage\":\"en-US\",\"potentialAction\":[{\"@type\":\"ReadAction\",\"target\":[\"https:\/\/totallywellness.rs\/en\/shop\/e-books\/kako-se-hraniti-zdravo-tokom-posta\/\"]}]},{\"@type\":\"ImageObject\",\"inLanguage\":\"en-US\",\"@id\":\"https:\/\/totallywellness.rs\/en\/shop\/e-books\/kako-se-hraniti-zdravo-tokom-posta\/#primaryimage\",\"url\":\"https:\/\/totallywellness.rs\/wp-content\/uploads\/2023\/08\/Kako-se-hraniti-zdravo-tokom-posta.png\",\"contentUrl\":\"https:\/\/totallywellness.rs\/wp-content\/uploads\/2023\/08\/Kako-se-hraniti-zdravo-tokom-posta.png\",\"width\":390,\"height\":260},{\"@type\":\"BreadcrumbList\",\"@id\":\"https:\/\/totallywellness.rs\/en\/shop\/e-books\/kako-se-hraniti-zdravo-tokom-posta\/#breadcrumb\",\"itemListElement\":[{\"@type\":\"ListItem\",\"position\":1,\"name\":\"Home\",\"item\":\"https:\/\/totallywellness.rs\/en\/\"},{\"@type\":\"ListItem\",\"position\":2,\"name\":\"Kako se hraniti zdravo tokom posta\"}]},{\"@type\":\"WebSite\",\"@id\":\"https:\/\/totallywellness.rs\/en\/#website\",\"url\":\"https:\/\/totallywellness.rs\/en\/\",\"name\":\"Tatjana Popovic | Certified Health Coach\",\"description\":\"Totally Wellness\",\"potentialAction\":[{\"@type\":\"SearchAction\",\"target\":{\"@type\":\"EntryPoint\",\"urlTemplate\":\"https:\/\/totallywellness.rs\/en\/?s={search_term_string}\"},\"query-input\":{\"@type\":\"PropertyValueSpecification\",\"valueRequired\":true,\"valueName\":\"search_term_string\"}}],\"inLanguage\":\"en-US\"},false]}<\/script>\n<!-- \/ Yoast SEO plugin. -->","yoast_head_json":{"title":"Kako se hraniti zdravo tokom posta - Tatjana Popovic | Certified Health Coach","robots":{"index":"index","follow":"follow","max-snippet":"max-snippet:-1","max-image-preview":"max-image-preview:large","max-video-preview":"max-video-preview:-1"},"canonical":"https:\/\/totallywellness.rs\/en\/shop\/e-books\/kako-se-hraniti-zdravo-tokom-posta\/","og_locale":"en_US","og_type":"article","og_title":"Kako se hraniti zdravo tokom posta - Tatjana Popovic | Certified Health Coach","og_description":"Budu\u0107i da sam i sama iskusila brojne blagodeti koje post donosi, odlu\u010dila sam da vam kroz ovaj besplatni priru\u010dnik ,,Kako se hraniti zdravo tokom posta&#8221; pomognem da ishranu prilagodite periodima kada postite. Ovde \u0107ete prona\u0107i informacije o tome kako post uti\u010de na ljudsko zdravlje, koje vrste posta postoje, te \u0161ta je dozvoljeno i preporu\u010dljivo jesti, [&hellip;]","og_url":"https:\/\/totallywellness.rs\/en\/shop\/e-books\/kako-se-hraniti-zdravo-tokom-posta\/","og_site_name":"Tatjana Popovic | Certified Health Coach","article_publisher":"https:\/\/www.facebook.com\/tatjanahealthcoach\/","article_modified_time":"2023-11-23T12:56:34+00:00","og_image":[{"width":390,"height":260,"url":"https:\/\/totallywellness.rs\/wp-content\/uploads\/2023\/08\/Kako-se-hraniti-zdravo-tokom-posta.png","type":"image\/png"}],"twitter_card":"summary_large_image","twitter_misc":{"Est. reading time":"1 minute"},"schema":{"@context":"https:\/\/schema.org","@graph":[{"@type":"WebPage","@id":"https:\/\/totallywellness.rs\/en\/shop\/e-books\/kako-se-hraniti-zdravo-tokom-posta\/","url":"https:\/\/totallywellness.rs\/en\/shop\/e-books\/kako-se-hraniti-zdravo-tokom-posta\/","name":"Kako se hraniti zdravo tokom posta - Tatjana Popovic | Certified Health Coach","isPartOf":{"@id":"https:\/\/totallywellness.rs\/en\/#website"},"primaryImageOfPage":{"@id":"https:\/\/totallywellness.rs\/en\/shop\/e-books\/kako-se-hraniti-zdravo-tokom-posta\/#primaryimage"},"image":{"@id":"https:\/\/totallywellness.rs\/en\/shop\/e-books\/kako-se-hraniti-zdravo-tokom-posta\/#primaryimage"},"thumbnailUrl":"https:\/\/totallywellness.rs\/wp-content\/uploads\/2023\/08\/Kako-se-hraniti-zdravo-tokom-posta.png","datePublished":"2023-11-23T12:56:31+00:00","dateModified":"2023-11-23T12:56:34+00:00","breadcrumb":{"@id":"https:\/\/totallywellness.rs\/en\/shop\/e-books\/kako-se-hraniti-zdravo-tokom-posta\/#breadcrumb"},"inLanguage":"en-US","potentialAction":[{"@type":"ReadAction","target":["https:\/\/totallywellness.rs\/en\/shop\/e-books\/kako-se-hraniti-zdravo-tokom-posta\/"]}]},{"@type":"ImageObject","inLanguage":"en-US","@id":"https:\/\/totallywellness.rs\/en\/shop\/e-books\/kako-se-hraniti-zdravo-tokom-posta\/#primaryimage","url":"https:\/\/totallywellness.rs\/wp-content\/uploads\/2023\/08\/Kako-se-hraniti-zdravo-tokom-posta.png","contentUrl":"https:\/\/totallywellness.rs\/wp-content\/uploads\/2023\/08\/Kako-se-hraniti-zdravo-tokom-posta.png","width":390,"height":260},{"@type":"BreadcrumbList","@id":"https:\/\/totallywellness.rs\/en\/shop\/e-books\/kako-se-hraniti-zdravo-tokom-posta\/#breadcrumb","itemListElement":[{"@type":"ListItem","position":1,"name":"Home","item":"https:\/\/totallywellness.rs\/en\/"},{"@type":"ListItem","position":2,"name":"Kako se hraniti zdravo tokom posta"}]},{"@type":"WebSite","@id":"https:\/\/totallywellness.rs\/en\/#website","url":"https:\/\/totallywellness.rs\/en\/","name":"Tatjana Popovic | Certified Health Coach","description":"Totally Wellness","potentialAction":[{"@type":"SearchAction","target":{"@type":"EntryPoint","urlTemplate":"https:\/\/totallywellness.rs\/en\/?s={search_term_string}"},"query-input":{"@type":"PropertyValueSpecification","valueRequired":true,"valueName":"search_term_string"}}],"inLanguage":"en-US"},false]}},"yasr_visitor_votes":{"stars_attributes":{"read_only":false,"span_bottom":false},"number_of_votes":0,"sum_votes":0},"_links":{"self":[{"href":"https:\/\/totallywellness.rs\/en\/wp-json\/wp\/v2\/product\/74638","targetHints":{"allow":["GET"]}}],"collection":[{"href":"https:\/\/totallywellness.rs\/en\/wp-json\/wp\/v2\/product"}],"about":[{"href":"https:\/\/totallywellness.rs\/en\/wp-json\/wp\/v2\/types\/product"}],"wp:featuredmedia":[{"embeddable":true,"href":"https:\/\/totallywellness.rs\/en\/wp-json\/wp\/v2\/media\/115635"}],"wp:attachment":[{"href":"https:\/\/totallywellness.rs\/en\/wp-json\/wp\/v2\/media?parent=74638"}],"wp:term":[{"taxonomy":"product_brand","embeddable":true,"href":"https:\/\/totallywellness.rs\/en\/wp-json\/wp\/v2\/product_brand?post=74638"},{"taxonomy":"product_cat","embeddable":true,"href":"https:\/\/totallywellness.rs\/en\/wp-json\/wp\/v2\/product_cat?post=74638"},{"taxonomy":"product_tag","embeddable":true,"href":"https:\/\/totallywellness.rs\/en\/wp-json\/wp\/v2\/product_tag?post=74638"}],"curies":[{"name":"wp","href":"https:\/\/api.w.org\/{rel}","templated":true}]}}